{"id":983,"date":"2021-04-18T04:28:06","date_gmt":"2021-04-18T04:28:06","guid":{"rendered":"http:\/\/aliendacoachsocial.com\/index.php\/contact\/"},"modified":"2024-04-11T11:25:51","modified_gmt":"2024-04-11T09:25:51","slug":"contact","status":"publish","type":"page","link":"https:\/\/aliendacoachsocial.com\/index.php\/contact\/","title":{"rendered":"Contact"},"content":{"rendered":"\n\n\t<h1>\n\t\t\t\t\tContacto\n\t\t\t\t<\/h1>\n\t<p><strong>\u00bfTienes dudas? <\/strong><\/p>\n<p>Si deseas conocer de manera m\u00e1s detallada alguno de los servicios, solicitar presupuesto, o cualquier otra duda o aportaci\u00f3n, contacta con nosotros, sin ning\u00fan tipo de compromiso. Te atenderemos a trav\u00e9s de los siguientes medios, o en formulario de mas abajo:<\/p>\n\t<h6>\n\t\t\t\t\tTel\u00e9fono de contacto \/ Whatsapp\n\t\t\t\t<\/h6>\n\t<h4>\n\t\t\t\t\t34 &#8211; 622 74 73 30\n\t\t\t\t<\/h4>\n\t<h6>\n\t\t\t\t\tEmail\n\t\t\t\t<\/h6>\n\t<h4>\n\t\t\t\t\tinfo@aliendacoachsocial.com\n\t\t\t\t<\/h4>\n\t<h6>\n\t\t\t\t\tInstagram\n\t\t\t\t<\/h6>\n\t<h4>\n\t\t\t\t\t<a href=\"https:\/\/instagram.com\/alienda_coachsocial\" title=\"@alienda.coachsocial\" target=\"_self\" rel=\"noopener\">\n\t\t\t\t\t\t@alienda.coachsocial\n\t\t\t\t\t\t<\/a>\n\t\t\t<\/h4>\n\t\t\t\t<img loading=\"lazy\" decoding=\"async\" src=\"https:\/\/aliendacoachsocial.com\/wp-content\/uploads\/2022\/01\/CONTACTO-R-scaled-e1648383648945.jpg\" alt=\"una planta de lavanda, imagen decorativa\" itemprop=\"image\" height=\"600\" width=\"400\" title=\"CONTACTO R\" onerror=\"this.style.display='none'\"  \/>\n\t<div class=\"wpforms-container \" id=\"wpforms-1087\"><form id=\"wpforms-form-1087\" class=\"wpforms-validate wpforms-form wpforms-ajax-form\" data-formid=\"1087\" method=\"post\" enctype=\"multipart\/form-data\" action=\"\/index.php\/wp-json\/wp\/v2\/pages\/983\" data-token=\"f6748c656e67b67e0ddd9cb882c094c5\" data-token-time=\"1778671872\"><noscript class=\"wpforms-error-noscript\">Por favor, activa JavaScript en tu navegador para completar este formulario.<\/noscript><div class=\"wpforms-field-container\"><div id=\"wpforms-1087-field_0-container\" class=\"wpforms-field wpforms-field-name\" data-field-id=\"0\"><label class=\"wpforms-field-label\" for=\"wpforms-1087-field_0\">Nombre <span class=\"wpforms-required-label\">*<\/span><\/label><input type=\"text\" id=\"wpforms-1087-field_0\" class=\"wpforms-field-medium wpforms-field-required\" name=\"wpforms[fields][0]\" required><\/div><div id=\"wpforms-1087-field_1-container\" class=\"wpforms-field wpforms-field-email\" data-field-id=\"1\"><label class=\"wpforms-field-label\" for=\"wpforms-1087-field_1\">Email <span class=\"wpforms-required-label\">*<\/span><\/label><input type=\"email\" id=\"wpforms-1087-field_1\" class=\"wpforms-field-medium wpforms-field-required\" name=\"wpforms[fields][1]\" spellcheck=\"false\" required><\/div><div id=\"wpforms-1087-field_2-container\" class=\"wpforms-field wpforms-field-textarea\" data-field-id=\"2\"><label class=\"wpforms-field-label\" for=\"wpforms-1087-field_2\">Mensaje a escribir <span class=\"wpforms-required-label\">*<\/span><\/label><textarea id=\"wpforms-1087-field_2\" class=\"wpforms-field-medium wpforms-field-required\" name=\"wpforms[fields][2]\" required><\/textarea><\/div><div id=\"wpforms-1087-field_6-container\" class=\"wpforms-field wpforms-field-gdpr-checkbox\" data-field-id=\"6\"><label class=\"wpforms-field-label\">Acuerdo RGPD  <span class=\"wpforms-required-label\">*<\/span><\/label><ul id=\"wpforms-1087-field_6\" class=\"wpforms-field-required\"><li class=\"choice-1\"><input type=\"checkbox\" id=\"wpforms-1087-field_6_1\" name=\"wpforms[fields][6][]\" value=\"     He le\u00eddo el &lt;a href=&quot;https:\/\/aliendacoachsocial.com\/index.php\/aviso-legal\/&quot;&gt;Aviso Legal&lt;\/a&gt; y acepto la &lt;a href=&quot;https:\/\/aliendacoachsocial.com\/index.php\/politica-de-privacidad\/&quot;&gt;Pol\u00edtica de Privacidad&lt;\/a&gt;. \" required ><label class=\"wpforms-field-label-inline\" for=\"wpforms-1087-field_6_1\">     He le\u00eddo el <a href=\"https:\/\/aliendacoachsocial.com\/index.php\/aviso-legal\/\">Aviso Legal<\/a> y acepto la <a href=\"https:\/\/aliendacoachsocial.com\/index.php\/politica-de-privacidad\/\">Pol\u00edtica de Privacidad<\/a>. <\/label><\/li><\/ul><div class=\"wpforms-field-description\">Conforme al RGPD y la LOPDGDD, Alienda Bienestar Social & Coaching tratar\u00e1 los datos facilitados, con la finalidad atender a las solicitudes, quejas e incidencias trasladadas y gestionar sus datos para programar la cita solicitada. Siempre que nos lo autorice previamente, enviaremos informaci\u00f3n relacionada con los servicios ofrecidos por Alienda Bienestar Social & Coaching. Podr\u00e1 ejercer, si lo desea, los derechos de acceso, rectificaci\u00f3n, supresi\u00f3n, y dem\u00e1s reconocidos en la normativa mencionada. Para obtener m\u00e1s informaci\u00f3n acerca de c\u00f3mo estamos tratando sus datos, acceda a nuestra Pol\u00edtica de Privacidad.<\/div><\/div><\/div><!-- .wpforms-field-container --><div class=\"wpforms-recaptcha-container wpforms-is-recaptcha wpforms-is-recaptcha-type-v2\" ><div class=\"g-recaptcha\" data-sitekey=\"6LdrpYUeAAAAABF5P3Rk2vtBDg6Juq7mlc4Cai90\"><\/div><input type=\"text\" name=\"g-recaptcha-hidden\" class=\"wpforms-recaptcha-hidden\" style=\"position:absolute!important;clip:rect(0,0,0,0)!important;height:1px!important;width:1px!important;border:0!important;overflow:hidden!important;padding:0!important;margin:0!important;\" data-rule-recaptcha=\"1\"><\/div><div class=\"wpforms-submit-container\" ><input type=\"hidden\" name=\"wpforms[id]\" value=\"1087\"><input type=\"hidden\" name=\"page_title\" value=\"\"><input type=\"hidden\" name=\"page_url\" value=\"https:\/\/aliendacoachsocial.com\/index.php\/wp-json\/wp\/v2\/pages\/983\"><input type=\"hidden\" name=\"url_referer\" value=\"\"><button type=\"submit\" name=\"wpforms[submit]\" id=\"wpforms-submit-1087\" class=\"wpforms-submit\" data-alt-text=\"Enviando...\" data-submit-text=\"Enviar\" aria-live=\"assertive\" value=\"wpforms-submit\">Enviar<\/button><img loading=\"lazy\" decoding=\"async\" src=\"https:\/\/aliendacoachsocial.com\/wp-content\/plugins\/wpforms-lite\/assets\/images\/submit-spin.svg\" class=\"wpforms-submit-spinner\" style=\"display: none;\" width=\"26\" height=\"26\" alt=\"Cargando\"><\/div><\/form><\/div>  <!-- .wpforms-container -->\n\t<p><a name=\"faq-1\"><\/a><\/p>\n<p>Preguntas Frecuentes<\/p>\n\t\t\t\t<!-- Inline Block Space Fix\n\t\t\t\t\t\t\t\t\t\t--><!-- Inline Block Space Fix\n\t\t\t\t\t\t\t\t\t\t\t\t\t\t\t\t\t\t\t--><h3>\u00bfC\u00f3mo reservo cita?<\/h3><!-- Inline Block Space Fix\n\t\t\t\t\t\t\t\t\t\t\t\t\t\t\t\t\t\t\t\t\t\t\t--><!-- Inline Block Space Fix\n\t\t\t\t\t\t\t\t\t\t--><!-- Inline Block Space Fix\n\t\t\t\t-->\n\t\t\t\t<!-- Overlay for Style 1 -->\n\t\t\t<!-- END .front -->\n\t\t\t\t\t\t<p>Solicita informaci\u00f3n por cualquiera de nuestros medios disponibles (formulario web, correo electr\u00f3nico o v\u00eda telef\u00f3nica\/Whatsapp), recibir\u00e1s informaci\u00f3n y asesoramiento de manera detallada sobre los servicios disponibles en <em>Alienda Bienestar Social &amp; Coaching<\/em> y seguidamente podr\u00e1s reservar fecha y hora para comenzar a trabajar. Una vez reservada la cita, realiza el pago por el m\u00e9todo que m\u00e1s c\u00f3modo te resulte, recibido el justificante de pago, recibir\u00e1s el enlace de la sesi\u00f3n.<\/p>\t\t\t\t\t\n\t\t\t\t<!-- Inline Block Space Fix\n\t\t\t\t\t\t\t\t\t\t--><!-- Inline Block Space Fix\n\t\t\t\t\t\t\t\t\t\t\t\t\t\t\t\t\t\t\t--><h3>\u00bfCu\u00e1nto dura cada sesi\u00f3n?<\/h3><!-- Inline Block Space Fix\n\t\t\t\t\t\t\t\t\t\t\t\t\t\t\t\t\t\t\t\t\t\t\t--><!-- Inline Block Space Fix\n\t\t\t\t\t\t\t\t\t\t--><!-- Inline Block Space Fix\n\t\t\t\t-->\n\t\t\t\t<!-- Overlay for Style 1 -->\n\t\t\t<!-- END .front -->\n\t\t\t\t\t\t<p>Las sesiones tienen una duraci\u00f3n de 60 minutos (a excepci\u00f3n de la sesi\u00f3n de valoraci\u00f3n gratuita)<\/p>\t\t\t\t\t\n\t\t\t\t<!-- Inline Block Space Fix\n\t\t\t\t\t\t\t\t\t\t--><!-- Inline Block Space Fix\n\t\t\t\t\t\t\t\t\t\t\t\t\t\t\t\t\t\t\t--><h3>\u00bfCon qu\u00e9 frecuencia tendr\u00e9 que hacer sesiones?<\/h3><!-- Inline Block Space Fix\n\t\t\t\t\t\t\t\t\t\t\t\t\t\t\t\t\t\t\t\t\t\t\t--><!-- Inline Block Space Fix\n\t\t\t\t\t\t\t\t\t\t--><!-- Inline Block Space Fix\n\t\t\t\t-->\n\t\t\t\t<!-- Overlay for Style 1 -->\n\t\t\t<!-- END .front -->\n\t\t\t\t\t\t<p>El tiempo ente sesiones lo definiremos juntos, aunque siempre ser\u00e1s t\u00fa quien marque el ritmo. Lo normal es que las primeras sesiones se lleven a cabo una vez por semana, aunque depende de cada caso en particular, cierto es que a medida que se avanza o dependiendo de los objetivos a trabajar las sesiones, pueden espaciarse con el fin de hacer unas mediciones de los avances y un seguimiento.<\/p>\t\t\t\t\t\n\t\t\t\t<!-- Inline Block Space Fix\n\t\t\t\t\t\t\t\t\t\t--><!-- Inline Block Space Fix\n\t\t\t\t\t\t\t\t\t\t\t\t\t\t\t\t\t\t\t--><h3>Una vez acordada una cita, \u00bfpuedo modificar el d\u00eda y la hora de la sesi\u00f3n?<\/h3><!-- Inline Block Space Fix\n\t\t\t\t\t\t\t\t\t\t\t\t\t\t\t\t\t\t\t\t\t\t\t--><!-- Inline Block Space Fix\n\t\t\t\t\t\t\t\t\t\t--><!-- Inline Block Space Fix\n\t\t\t\t-->\n\t\t\t\t<!-- Overlay for Style 1 -->\n\t\t\t<!-- END .front -->\n\t\t\t\t\t\t<p>No hay ning\u00fan problema para cambios y cancelaciones hasta 24 horas antes de la cita acordada, avisando con antelaci\u00f3n moveremos fecha y\/o hora de la cita, en caso de no avisar con el plazo solicitado, se cargar\u00e1 el 50% del importe de la sesi\u00f3n.<\/p>\t\t\t\t\t\n\t\t\t\t<!-- Inline Block Space Fix\n\t\t\t\t\t\t\t\t\t\t--><!-- Inline Block Space Fix\n\t\t\t\t\t\t\t\t\t\t\t\t\t\t\t\t\t\t\t--><h3>Y \u00bfQu\u00e9 pasa si no puedo acudir a mi cita, pero ya la he pagado?<\/h3><!-- Inline Block Space Fix\n\t\t\t\t\t\t\t\t\t\t\t\t\t\t\t\t\t\t\t\t\t\t\t--><!-- Inline Block Space Fix\n\t\t\t\t\t\t\t\t\t\t--><!-- Inline Block Space Fix\n\t\t\t\t-->\n\t\t\t\t<!-- Overlay for Style 1 -->\n\t\t\t<!-- END .front -->\n\t\t\t\t\t\t<p>Con normalidad, las citas quedan fijadas de una semana para otra, por lo que, si te surge cualquier imprevisto, podr\u00e1s notificarlo con 24 horas de antelaci\u00f3n, de la cita acordada, como se mencionaba anteriormente, con el fin de podernos reorganizar y asignarte la siguiente cita disponible con la mayor brevedad, sin coste a mayores.<\/p>\t\t\t\t\t\n\t\t\t\t<!-- Inline Block Space Fix\n\t\t\t\t\t\t\t\t\t\t--><!-- Inline Block Space Fix\n\t\t\t\t\t\t\t\t\t\t\t\t\t\t\t\t\t\t\t--><h3>\u00bfCu\u00e1l es el m\u00e9todo de pago?<\/h3><!-- Inline Block Space Fix\n\t\t\t\t\t\t\t\t\t\t\t\t\t\t\t\t\t\t\t\t\t\t\t--><!-- Inline Block Space Fix\n\t\t\t\t\t\t\t\t\t\t--><!-- Inline Block Space Fix\n\t\t\t\t-->\n\t\t\t\t<!-- Overlay for Style 1 -->\n\t\t\t<!-- END .front -->\n\t\t\t\t\t\t<p>El pago se realizar\u00e1 por Bizum, transferencia bancaria o Paypal (Extranjero)<\/p>\t\t\t\t\t\n\t\t\t\t<!-- Inline Block Space Fix\n\t\t\t\t\t\t\t\t\t\t--><!-- Inline Block Space Fix\n\t\t\t\t\t\t\t\t\t\t\t\t\t\t\t\t\t\t\t--><h3>\u00bfCu\u00e1nto dura el proceso de Coaching?<\/h3><!-- Inline Block Space Fix\n\t\t\t\t\t\t\t\t\t\t\t\t\t\t\t\t\t\t\t\t\t\t\t--><!-- Inline Block Space Fix\n\t\t\t\t\t\t\t\t\t\t--><!-- Inline Block Space Fix\n\t\t\t\t-->\n\t\t\t\t<!-- Overlay for Style 1 -->\n\t\t\t<!-- END .front -->\n\t\t\t\t\t\t<p>Un proceso de Coaching va a depender del tema y objetivo a trabajar, lo normal es una duraci\u00f3n entre 4, 6 y 8 sesiones.\u00a0 No te preocupes si no sabes que opci\u00f3n elegir, te asesoraremos en la primera sesi\u00f3n y luego t\u00fa ya decides.\u00a0 (Siempre hay tiempo de ampliar y completar con sesiones sueltas).<\/p>\t\t\t\t\t\n\t\t\t\t<!-- Inline Block Space Fix\n\t\t\t\t\t\t\t\t\t\t--><!-- Inline Block Space Fix\n\t\t\t\t\t\t\t\t\t\t\t\t\t\t\t\t\t\t\t--><h3>Dudo en qu\u00e9 servicio elegir ya que veo similitudes \u00bfC\u00f3mo s\u00e9 cu\u00e1l elegir?<\/h3><!-- Inline Block Space Fix\n\t\t\t\t\t\t\t\t\t\t\t\t\t\t\t\t\t\t\t\t\t\t\t--><!-- Inline Block Space Fix\n\t\t\t\t\t\t\t\t\t\t--><!-- Inline Block Space Fix\n\t\t\t\t-->\n\t\t\t\t<!-- Overlay for Style 1 -->\n\t\t\t<!-- END .front -->\n\t\t\t\t\t\t<p>En la sesi\u00f3n de valoraci\u00f3n gratuita, cu\u00e9ntanos tu motivo de consulta y nosotros te orientaremos sobre qu\u00e9 servicio se adapta mejor a ti. Aunque todos los servicios <em>de Alienda Bienestar Social &amp; Coaching<\/em> est\u00e9n orientados desde un mismo enfoque y tengan puntos en com\u00fan, la forma de trabajar cada uno de ellos es diferente. Cons\u00faltanos sin compromiso.<\/p>\t\t\t\t\t\n\n","protected":false},"excerpt":{"rendered":"<p>Contacto \u00bfTienes dudas? Si deseas conocer de manera m\u00e1s detallada alguno de los servicios, solicitar presupuesto, o cualquier otra duda o aportaci\u00f3n, contacta con nosotros, sin ning\u00fan tipo de compromiso. Te atenderemos a trav\u00e9s de los siguientes medios, o en formulario de mas abajo: Tel\u00e9fono de contacto \/ Whatsapp 34 &#8211; 622 74 73 30 [&hellip;]<\/p>\n","protected":false},"author":0,"featured_media":0,"parent":0,"menu_order":0,"comment_status":"closed","ping_status":"closed","template":"","meta":{"_monsterinsights_skip_tracking":false,"_monsterinsights_sitenote_active":false,"_monsterinsights_sitenote_note":"","_monsterinsights_sitenote_category":0,"site-sidebar-layout":"no-sidebar","site-content-layout":"page-builder","ast-site-content-layout":"default","site-content-style":"default","site-sidebar-style":"default","ast-global-header-display":"","ast-banner-title-visibility":"","ast-main-header-display":"","ast-hfb-above-header-display":"","ast-hfb-below-header-display":"","ast-hfb-mobile-header-display":"","site-post-title":"disabled","ast-breadcrumbs-content":"disabled","ast-featured-img":"disabled","footer-sml-layout":"","theme-transparent-header-meta":"enabled","adv-header-id-meta":"","stick-header-meta":"","header-above-stick-meta":"","header-main-stick-meta":"","header-below-stick-meta":"","astra-migrate-meta-layouts":"default","ast-page-background-enabled":"default","ast-page-background-meta":{"desktop":{"background-color":"","background-image":"","background-repeat":"repeat","background-position":"center center","background-size":"auto","background-attachment":"scroll","background-type":"","background-media":"","overlay-type":"","overlay-color":"","overlay-opacity":"","overlay-gradient":""},"tablet":{"background-color":"","background-image":"","background-repeat":"repeat","background-position":"center center","background-size":"auto","background-attachment":"scroll","background-type":"","background-media":"","overlay-type":"","overlay-color":"","overlay-opacity":"","overlay-gradient":""},"mobile":{"background-color":"","background-image":"","background-repeat":"repeat","background-position":"center center","background-size":"auto","background-attachment":"scroll","background-type":"","background-media":"","overlay-type":"","overlay-color":"","overlay-opacity":"","overlay-gradient":""}},"ast-content-background-meta":{"desktop":{"background-color":"var(--ast-global-color-5)","background-image":"","background-repeat":"repeat","background-position":"center center","background-size":"auto","background-attachment":"scroll","background-type":"","background-media":"","overlay-type":"","overlay-color":"","overlay-opacity":"","overlay-gradient":""},"tablet":{"background-color":"var(--ast-global-color-5)","background-image":"","background-repeat":"repeat","background-position":"center center","background-size":"auto","background-attachment":"scroll","background-type":"","background-media":"","overlay-type":"","overlay-color":"","overlay-opacity":"","overlay-gradient":""},"mobile":{"background-color":"var(--ast-global-color-5)","background-image":"","background-repeat":"repeat","background-position":"center center","background-size":"auto","background-attachment":"scroll","background-type":"","background-media":"","overlay-type":"","overlay-color":"","overlay-opacity":"","overlay-gradient":""}},"footnotes":""},"class_list":["post-983","page","type-page","status-publish","hentry"],"aioseo_notices":[],"_links":{"self":[{"href":"https:\/\/aliendacoachsocial.com\/index.php\/wp-json\/wp\/v2\/pages\/983","targetHints":{"allow":["GET"]}}],"collection":[{"href":"https:\/\/aliendacoachsocial.com\/index.php\/wp-json\/wp\/v2\/pages"}],"about":[{"href":"https:\/\/aliendacoachsocial.com\/index.php\/wp-json\/wp\/v2\/types\/page"}],"replies":[{"embeddable":true,"href":"https:\/\/aliendacoachsocial.com\/index.php\/wp-json\/wp\/v2\/comments?post=983"}],"version-history":[{"count":50,"href":"https:\/\/aliendacoachsocial.com\/index.php\/wp-json\/wp\/v2\/pages\/983\/revisions"}],"predecessor-version":[{"id":1752,"href":"https:\/\/aliendacoachsocial.com\/index.php\/wp-json\/wp\/v2\/pages\/983\/revisions\/1752"}],"wp:attachment":[{"href":"https:\/\/aliendacoachsocial.com\/index.php\/wp-json\/wp\/v2\/media?parent=983"}],"curies":[{"name":"wp","href":"https:\/\/api.w.org\/{rel}","templated":true}]}}