{"id":975,"date":"2021-04-17T07:25:19","date_gmt":"2021-04-17T05:25:19","guid":{"rendered":"http:\/\/aliendacoachsocial.com\/index.php\/about\/"},"modified":"2023-02-09T19:01:25","modified_gmt":"2023-02-09T17:01:25","slug":"enfoque","status":"publish","type":"page","link":"https:\/\/aliendacoachsocial.com\/index.php\/enfoque\/","title":{"rendered":"Enfoque"},"content":{"rendered":"\n\n\t<h1>\n\t\t\t\t\tEnfoque\n\t\t\t\t<\/h1>\n\t<p><em>\u00abEl significado de Alienda est\u00e1 estrechamente relacionado con el camino, el respirar y soltar y eso mismo es lo que pretendemos en este espacio, parar, reflexionar y avanzar ante las situaciones delicadas que se nos presentan en la vida, ser capaces de actuar y conseguir alcanzar el bienestar que, en ciertos momentos de nuestra vida, es todo un reto conseguir\u00bb<\/em><\/p>\n\t<p>Desde Alienda se pretende facilitar ese camino desde una metodolog\u00eda propia de trabajo, m\u00e1s concretamente desde un enfoque<strong> integrador<\/strong>, esto quiere decir que las t\u00e9cnicas y herramientas empleadas a la hora de abordar un proceso ser\u00e1n adaptadas. Estas t\u00e9cnicas est\u00e1n influenciadas y toman como base de referencia nuestra disciplina, especializaciones y experiencia. Trabajar desde un enfoque integrador tiene como objetivo\/beneficio, dar respuesta a la persona de una manera adaptada, personalizada y flexible, dejando de lado la rigidez, ya que cada momento, persona, situaci\u00f3n o necesidad son diferentes.<\/p>\n<p>Esto significa que detr\u00e1s de todas las sesiones, hay un gran esfuerzo, para que puedas exprimir todas ellas al m\u00e1ximo, a la vez que sentirte c\u00f3modo y escuchado.<\/p>\n\t\t\t\t<img loading=\"lazy\" decoding=\"async\" src=\"https:\/\/aliendacoachsocial.com\/wp-content\/uploads\/2022\/09\/ENFOQUE-scaled-e1664212187724-1.jpg\" alt=\"ENFOQUE-scaled-e1664212187724\" itemprop=\"image\" height=\"774\" width=\"616\" title=\"ENFOQUE-scaled-e1664212187724\" onerror=\"this.style.display='none'\"  \/>\n\t\t\t\t<!-- Inline Block Space Fix\n\t\t\t\t\t\t\t\t\t\t--><!-- Inline Block Space Fix\n\t\t\t\t\t\t\t\t\t\t\t\t\t\t\t\t\t\t\t\t\t\t\t\t\t\t\t\t\t\t\t-->\n\t\t\t\t\t\t\t\t<p><strong>Ahora bien, \u00bfpor qu\u00e9 desde Alienda se trabaja entrelazando las disciplinas relacionadas con el Trabajo Social, la Mediaci\u00f3n y el Coaching?<\/strong>A trav\u00e9s del Coaching se trabaja el potencial personal, motor de crecimiento fundamental en los procesos de cambio. Pero, cuando los cambios no dependen solo de uno mismo y vienen derivados de situaciones de crisis o conflictos con otras partes, en ocasiones necesitamos la ayuda de un tercero. Ah\u00ed es donde entra en juego la Mediaci\u00f3n y ya tengas la necesidad de trabajar de manera individual o conjunta, qu\u00e9 mejor manera, que a trav\u00e9s de un agente de cambio (trabajador social) que te acompa\u00f1e en dicho proceso de transformaci\u00f3n, especializado en dichas disciplinas, adem\u00e1s de hacerlo desde una metodolog\u00eda propia de trabajo, derivada e influenciada, tanto de la formaci\u00f3n y recorrido laboral como el personal.<strong>\u00bfDeseas saber m\u00e1s?<\/strong><\/p>\t\t\t\t\t\t\t<!-- Inline Block Space Fix\n\t\t\t\t\t\t\t\t\t\t\t--><!-- Inline Block Space Fix\n\t\t\t\t\t\t\t\t\t\t-->\n                    <!-- Inline Block Space Fix\n\t\t\t\t-->\n\t\t\t\t<!-- Overlay for Style 1 -->\n\t\t\t<!-- END .front -->\n\t\t\t\t\t\t<p><img decoding=\"async\" src=\"https:\/\/aliendacoachsocial.com\/wp-content\/uploads\/2023\/02\/Correccion-saber-mas.png\" \/><\/p>\t\t\t\t\t\n\n","protected":false},"excerpt":{"rendered":"<p>Enfoque \u00abEl significado de Alienda est\u00e1 estrechamente relacionado con el camino, el respirar y soltar y eso mismo es lo que pretendemos en este espacio, parar, reflexionar y avanzar ante las situaciones delicadas que se nos presentan en la vida, ser capaces de actuar y conseguir alcanzar el bienestar que, en ciertos momentos de nuestra [&hellip;]<\/p>\n","protected":false},"author":1,"featured_media":0,"parent":0,"menu_order":0,"comment_status":"closed","ping_status":"closed","template":"","meta":{"_monsterinsights_skip_tracking":false,"_monsterinsights_sitenote_active":false,"_monsterinsights_sitenote_note":"","_monsterinsights_sitenote_category":0,"site-sidebar-layout":"no-sidebar","site-content-layout":"page-builder","ast-site-content-layout":"default","site-content-style":"default","site-sidebar-style":"default","ast-global-header-display":"","ast-banner-title-visibility":"","ast-main-header-display":"","ast-hfb-above-header-display":"","ast-hfb-below-header-display":"","ast-hfb-mobile-header-display":"","site-post-title":"disabled","ast-breadcrumbs-content":"disabled","ast-featured-img":"disabled","footer-sml-layout":"","theme-transparent-header-meta":"enabled","adv-header-id-meta":"","stick-header-meta":"","header-above-stick-meta":"","header-main-stick-meta":"","header-below-stick-meta":"","astra-migrate-meta-layouts":"default","ast-page-background-enabled":"default","ast-page-background-meta":{"desktop":{"background-color":"","background-image":"","background-repeat":"repeat","background-position":"center center","background-size":"auto","background-attachment":"scroll","background-type":"","background-media":"","overlay-type":"","overlay-color":"","overlay-opacity":"","overlay-gradient":""},"tablet":{"background-color":"","background-image":"","background-repeat":"repeat","background-position":"center center","background-size":"auto","background-attachment":"scroll","background-type":"","background-media":"","overlay-type":"","overlay-color":"","overlay-opacity":"","overlay-gradient":""},"mobile":{"background-color":"","background-image":"","background-repeat":"repeat","background-position":"center center","background-size":"auto","background-attachment":"scroll","background-type":"","background-media":"","overlay-type":"","overlay-color":"","overlay-opacity":"","overlay-gradient":""}},"ast-content-background-meta":{"desktop":{"background-color":"var(--ast-global-color-5)","background-image":"","background-repeat":"repeat","background-position":"center center","background-size":"auto","background-attachment":"scroll","background-type":"","background-media":"","overlay-type":"","overlay-color":"","overlay-opacity":"","overlay-gradient":""},"tablet":{"background-color":"var(--ast-global-color-5)","background-image":"","background-repeat":"repeat","background-position":"center center","background-size":"auto","background-attachment":"scroll","background-type":"","background-media":"","overlay-type":"","overlay-color":"","overlay-opacity":"","overlay-gradient":""},"mobile":{"background-color":"var(--ast-global-color-5)","background-image":"","background-repeat":"repeat","background-position":"center center","background-size":"auto","background-attachment":"scroll","background-type":"","background-media":"","overlay-type":"","overlay-color":"","overlay-opacity":"","overlay-gradient":""}},"footnotes":""},"class_list":["post-975","page","type-page","status-publish","hentry"],"aioseo_notices":[],"_links":{"self":[{"href":"https:\/\/aliendacoachsocial.com\/index.php\/wp-json\/wp\/v2\/pages\/975","targetHints":{"allow":["GET"]}}],"collection":[{"href":"https:\/\/aliendacoachsocial.com\/index.php\/wp-json\/wp\/v2\/pages"}],"about":[{"href":"https:\/\/aliendacoachsocial.com\/index.php\/wp-json\/wp\/v2\/types\/page"}],"author":[{"embeddable":true,"href":"https:\/\/aliendacoachsocial.com\/index.php\/wp-json\/wp\/v2\/users\/1"}],"replies":[{"embeddable":true,"href":"https:\/\/aliendacoachsocial.com\/index.php\/wp-json\/wp\/v2\/comments?post=975"}],"version-history":[{"count":47,"href":"https:\/\/aliendacoachsocial.com\/index.php\/wp-json\/wp\/v2\/pages\/975\/revisions"}],"predecessor-version":[{"id":1733,"href":"https:\/\/aliendacoachsocial.com\/index.php\/wp-json\/wp\/v2\/pages\/975\/revisions\/1733"}],"wp:attachment":[{"href":"https:\/\/aliendacoachsocial.com\/index.php\/wp-json\/wp\/v2\/media?parent=975"}],"curies":[{"name":"wp","href":"https:\/\/api.w.org\/{rel}","templated":true}]}}