{"id":968,"date":"2021-04-17T04:49:59","date_gmt":"2021-04-17T04:49:59","guid":{"rendered":"http:\/\/aliendacoachsocial.com\/index.php\/home\/"},"modified":"2024-04-11T11:37:53","modified_gmt":"2024-04-11T09:37:53","slug":"home","status":"publish","type":"page","link":"https:\/\/aliendacoachsocial.com\/","title":{"rendered":"Alienda Bienestar Social y Coaching"},"content":{"rendered":"\n<h1>\n\t\tBIENESTAR SOCIAL Y CRECIMIENTO PERSONAL\n\t<\/h1>\n\t<p><em>Nuestra esencia, es trabajar desde lo individual los procesos de cambio, lo que es posible fusionando el \u00e1rea de trabajo relacionado con el bienestar social y el crecimiento personal. Es un espacio de aprendizaje y evoluci\u00f3n donde la confianza, el respeto, la armon\u00eda, el poder personal y el equilibrio son pilares b\u00e1sicos.<\/em><\/p>\n\t\t\t\t<!-- Inline Block Space Fix\n\t\t\t\t\t\t\t\t\t\t--><!-- Inline Block Space Fix\n\t\t\t\t\t\t\t\t\t\t\t\t\t\t\t\t\t\t\t\t\t\t\t\t\t\t\t\t\t\t\t-->\n\t\t\t\t\t\t\t\t<p>BIENESTAR SOCIAL<\/p>\t\t\t\t\t\t\t<!-- Inline Block Space Fix\n\t\t\t\t\t\t\t\t\t\t\t--><!-- Inline Block Space Fix\n\t\t\t\t\t\t\t\t\t\t-->\n                    <!-- Inline Block Space Fix\n\t\t\t\t-->\n\t\t\t\t<!-- Overlay for Style 1 -->\n\t\t\t<!-- END .front -->\n\t\t\t\t\t\t<p><em>Asesoramiento, gesti\u00f3n y apoyo de diferentes recursos y prestaciones relacionados con el \u00e1rea social y elaboraci\u00f3n de informes.<\/em><\/p>\t\t\t\t\t\n\t\t\t\t<!-- Inline Block Space Fix\n\t\t\t\t\t\t\t\t\t\t--><!-- Inline Block Space Fix\n\t\t\t\t\t\t\t\t\t\t\t\t\t\t\t\t\t\t\t\t\t\t\t\t\t\t\t\t\t\t\t-->\n\t\t\t\t\t\t\t\t<p>MEDIACI\u00d3N Y<br \/>RESOLUCI\u00d3N DE<br \/>CONFLICTOS<\/p>\t\t\t\t\t\t\t<!-- Inline Block Space Fix\n\t\t\t\t\t\t\t\t\t\t\t--><!-- Inline Block Space Fix\n\t\t\t\t\t\t\t\t\t\t-->\n                    <!-- Inline Block Space Fix\n\t\t\t\t-->\n\t\t\t\t<!-- Overlay for Style 1 -->\n\t\t\t<!-- END .front -->\n\t\t\t\t\t\t<p><em>\u00bfTienes un conflicto con otra parte?\u00a0 La Mediaci\u00f3n es un proceso alternativo de resoluci\u00f3n de conflictos, mediante el cual abordaremos diferentes tipos de conflictos entre personas, para llegar a acuerdos efectivos que sean satisfactorios para ambas partes y de este modo solventar el problema, evitando acudir a procedimientos judiciales convencionales, los cuales suponen mayor desgaste econ\u00f3mico, temporal y emocional.<\/em><\/p>\t\t\t\t\t\n\t\t\t\t<!-- Inline Block Space Fix\n\t\t\t\t\t\t\t\t\t\t--><!-- Inline Block Space Fix\n\t\t\t\t\t\t\t\t\t\t\t\t\t\t\t\t\t\t\t\t\t\t\t\t\t\t\t\t\t\t\t-->\n\t\t\t\t\t\t\t\t<p>PERITAJE SOCIAL<\/p>\t\t\t\t\t\t\t<!-- Inline Block Space Fix\n\t\t\t\t\t\t\t\t\t\t\t--><!-- Inline Block Space Fix\n\t\t\t\t\t\t\t\t\t\t-->\n                    <!-- Inline Block Space Fix\n\t\t\t\t-->\n\t\t\t\t<!-- Overlay for Style 1 -->\n\t\t\t<!-- END .front -->\n\t\t\t\t\t\t<p><em>\u00bfEst\u00e1s incurso en un proceso judicial y te gustar\u00eda aportar un informe con la realidad social de tu entorno y situaci\u00f3n? El peritaje social, consiste en un estudio detallado que analiza y contrasta, las situaciones familiares, socioecon\u00f3micas y laborales de un sujeto y\/o su entorno, con el fin de ser valorados y a su vez encontrar soluciones para evitar o poner freno a las barreras que pueda experimentar el Bienestar social del individuo, grupo o familia a ra\u00edz de cierta problem\u00e1tica, objeto de estudio.<\/em><\/p>\t\t\t\t\t\n\t\t\t\t<!-- Inline Block Space Fix\n\t\t\t\t\t\t\t\t\t\t--><!-- Inline Block Space Fix\n\t\t\t\t\t\t\t\t\t\t\t\t\t\t\t\t\t\t\t\t\t\t\t\t\t\t\t\t\t\t\t-->\n\t\t\t\t\t\t\t\t<p>CRECIMIENTO PERSONAL<\/p>\t\t\t\t\t\t\t<!-- Inline Block Space Fix\n\t\t\t\t\t\t\t\t\t\t\t--><!-- Inline Block Space Fix\n\t\t\t\t\t\t\t\t\t\t-->\n                    <!-- Inline Block Space Fix\n\t\t\t\t-->\n\t\t\t\t<!-- Overlay for Style 1 -->\n\t\t\t<!-- END .front -->\n\t\t\t\t\t\t<p><em>Proceso en el que definirte, encontrarte y reforzarse a t\u00ed mismo, un espacio de autocuidado.<\/em><\/p>\t\t\t\t\t\n\t<p>\u00bfQu\u00e9 ofrece Alienda?<\/p>\n<p>&nbsp;<\/p>\n\t\t\t\t<!-- Inline Block Space Fix\n\t\t\t\t\t\t\t\t\t\t--><!-- Inline Block Space Fix\n\t\t\t\t\t\t\t\t\t\t\t\t\t\t\t\t\t\t\t\t\t\t\t\t\t\t\t\t\t\t\t-->\n\t\t\t\t\t\t\t\t<p>COACHING<\/p>\t\t\t\t\t\t\t<!-- Inline Block Space Fix\n\t\t\t\t\t\t\t\t\t\t\t--><!-- Inline Block Space Fix\n\t\t\t\t\t\t\t\t\t\t-->\n                    <!-- Inline Block Space Fix\n\t\t\t\t-->\n\t\t\t\t<!-- Overlay for Style 1 -->\n\t\t\t<!-- END .front -->\n\t\t\t\t\t\t<p><em>\u00bfTe sientes desanimado\/a, estancado\/a,\u00a0 desmotivado\/a? \u00bfTienes la necesidad de hacer alg\u00fan cambio en alg\u00fan \u00e1rea de tu vida, pero, no sabes c\u00f3mo hacerlo o por d\u00f3nde empezar? El coaching es una herramienta de reflexi\u00f3n centrada en el cambio. Es un proceso con el que las personas, toman acci\u00f3n, pasan de ser un mero espectador de su vida al protagonista, se abren a la oportunidad de una nueva actitud de crecimiento y cambio,\u00a0 aprendiendo a vivir conscientemente en su realidad.<\/em><\/p>\t\t\t\t\t\n\t\t\t\t<!-- Inline Block Space Fix\n\t\t\t\t\t\t\t\t\t\t--><!-- Inline Block Space Fix\n\t\t\t\t\t\t\t\t\t\t\t\t\t\t\t\t\t\t\t\t\t\t\t\t\t\t\t\t\t\t\t-->\n\t\t\t\t\t\t\t\t<p>GESTI\u00d3N EMOCIONAL<\/p>\t\t\t\t\t\t\t<!-- Inline Block Space Fix\n\t\t\t\t\t\t\t\t\t\t\t--><!-- Inline Block Space Fix\n\t\t\t\t\t\t\t\t\t\t-->\n                    <!-- Inline Block Space Fix\n\t\t\t\t-->\n\t\t\t\t<!-- Overlay for Style 1 -->\n\t\t\t<!-- END .front -->\n\t\t\t\t\t\t<p><em>\u00bfNo sabes gestionar \u00e9pocas de estr\u00e9s? \u00bfAnte algunas situaciones no eres capaz de relajarte o te sientes bloqueado? \u00bfTu humor o c\u00f3mo gestionas las emociones te repercute en tus relaciones? La gesti\u00f3n emocional es un proceso que te ayuda a tomar conciencia de lo que sientes, de c\u00f3mo te repercute a la hora de actuar y tomar decisiones y te ayuda a aprender a desarrollar el control de tus emociones, a trav\u00e9s de diversas t\u00e9cnicas.<\/em><\/p>\t\t\t\t\t\n\t\t\t<a href=\"https:\/\/aliendacoachsocial.com\/index.php\/contact\/\" target=\"_self\" rel=\"noopener\">\n\t\t\t\t\t\t\u00a1Quiero un cambio!\n\t\t\t\t\t<\/a>\n<h2>\n\t\tRESE\u00d1AS\n\t<\/h2>\n\t\n\n","protected":false},"excerpt":{"rendered":"<p>BIENESTAR SOCIAL Y CRECIMIENTO PERSONAL Nuestra esencia, es trabajar desde lo individual los procesos de cambio, lo que es posible fusionando el \u00e1rea de trabajo relacionado con el bienestar social y el crecimiento personal. Es un espacio de aprendizaje y evoluci\u00f3n donde la confianza, el respeto, la armon\u00eda, el poder personal y el equilibrio son [&hellip;]<\/p>\n","protected":false},"author":1,"featured_media":0,"parent":0,"menu_order":0,"comment_status":"closed","ping_status":"closed","template":"","meta":{"_monsterinsights_skip_tracking":false,"_monsterinsights_sitenote_active":false,"_monsterinsights_sitenote_note":"","_monsterinsights_sitenote_category":0,"site-sidebar-layout":"no-sidebar","site-content-layout":"page-builder","ast-site-content-layout":"full-width-container","site-content-style":"unboxed","site-sidebar-style":"unboxed","ast-global-header-display":"","ast-banner-title-visibility":"","ast-main-header-display":"","ast-hfb-above-header-display":"","ast-hfb-below-header-display":"","ast-hfb-mobile-header-display":"","site-post-title":"disabled","ast-breadcrumbs-content":"disabled","ast-featured-img":"disabled","footer-sml-layout":"","theme-transparent-header-meta":"enabled","adv-header-id-meta":"","stick-header-meta":"","header-above-stick-meta":"","header-main-stick-meta":"","header-below-stick-meta":"","astra-migrate-meta-layouts":"set","ast-page-background-enabled":"default","ast-page-background-meta":{"desktop":{"background-color":"","background-image":"","background-repeat":"repeat","background-position":"center center","background-size":"auto","background-attachment":"scroll","background-type":"","background-media":"","overlay-type":"","overlay-color":"","overlay-opacity":"","overlay-gradient":""},"tablet":{"background-color":"","background-image":"","background-repeat":"repeat","background-position":"center center","background-size":"auto","background-attachment":"scroll","background-type":"","background-media":"","overlay-type":"","overlay-color":"","overlay-opacity":"","overlay-gradient":""},"mobile":{"background-color":"","background-image":"","background-repeat":"repeat","background-position":"center center","background-size":"auto","background-attachment":"scroll","background-type":"","background-media":"","overlay-type":"","overlay-color":"","overlay-opacity":"","overlay-gradient":""}},"ast-content-background-meta":{"desktop":{"background-color":"var(--ast-global-color-5)","background-image":"","background-repeat":"repeat","background-position":"center center","background-size":"auto","background-attachment":"scroll","background-type":"","background-media":"","overlay-type":"","overlay-color":"","overlay-opacity":"","overlay-gradient":""},"tablet":{"background-color":"var(--ast-global-color-5)","background-image":"","background-repeat":"repeat","background-position":"center center","background-size":"auto","background-attachment":"scroll","background-type":"","background-media":"","overlay-type":"","overlay-color":"","overlay-opacity":"","overlay-gradient":""},"mobile":{"background-color":"var(--ast-global-color-5)","background-image":"","background-repeat":"repeat","background-position":"center center","background-size":"auto","background-attachment":"scroll","background-type":"","background-media":"","overlay-type":"","overlay-color":"","overlay-opacity":"","overlay-gradient":""}},"footnotes":""},"class_list":["post-968","page","type-page","status-publish","hentry"],"aioseo_notices":[],"_links":{"self":[{"href":"https:\/\/aliendacoachsocial.com\/index.php\/wp-json\/wp\/v2\/pages\/968","targetHints":{"allow":["GET"]}}],"collection":[{"href":"https:\/\/aliendacoachsocial.com\/index.php\/wp-json\/wp\/v2\/pages"}],"about":[{"href":"https:\/\/aliendacoachsocial.com\/index.php\/wp-json\/wp\/v2\/types\/page"}],"author":[{"embeddable":true,"href":"https:\/\/aliendacoachsocial.com\/index.php\/wp-json\/wp\/v2\/users\/1"}],"replies":[{"embeddable":true,"href":"https:\/\/aliendacoachsocial.com\/index.php\/wp-json\/wp\/v2\/comments?post=968"}],"version-history":[{"count":137,"href":"https:\/\/aliendacoachsocial.com\/index.php\/wp-json\/wp\/v2\/pages\/968\/revisions"}],"predecessor-version":[{"id":1751,"href":"https:\/\/aliendacoachsocial.com\/index.php\/wp-json\/wp\/v2\/pages\/968\/revisions\/1751"}],"wp:attachment":[{"href":"https:\/\/aliendacoachsocial.com\/index.php\/wp-json\/wp\/v2\/media?parent=968"}],"curies":[{"name":"wp","href":"https:\/\/api.w.org\/{rel}","templated":true}]}}