{"id":1156,"date":"2021-10-05T20:15:27","date_gmt":"2021-10-05T18:15:27","guid":{"rendered":"https:\/\/aliendacoachsocial.com\/?page_id=1156"},"modified":"2023-02-09T19:07:40","modified_gmt":"2023-02-09T17:07:40","slug":"mindfulness","status":"publish","type":"page","link":"https:\/\/aliendacoachsocial.com\/index.php\/mindfulness\/","title":{"rendered":"Conciencia emocional"},"content":{"rendered":"\n\n\t<h1>\n\t\t\t\t\tConciencia emocional\n\t\t\t\t<\/h1>\n\t<p>La parte emocional del ser humano siempre estuvo supeditada a la de la raz\u00f3n, poco a poco, esta idea va cambiando y.. \u00a1menos mal!<\/p>\n<p>No s\u00e9 si alguna vez te has planteado que vivimos influenciados por el inconsciente la mayor parte del d\u00eda, muchos se atreven a decir que el 95% de las cosas que hacemos son de manera inconsciente y en esa parte inconsciente entra en juego la parte emocional, por lo que es importante que sepas, que la manera en que afrontamos las vivencias desde que nos despertamos, al igual que las decisiones que tomamos, est\u00e1n condicionadas en gran medida por el mundo emocional (al margen de que tambi\u00e9n lo est\u00e9n por la herencia emocional que cada uno de nosotros tenemos, el entorno donde nos encontremos, los valores, creencias, etc.). Es curioso que una parte que dirige tanto nuestras vidas, la que nos condiciona a la hora de sentir, pensar y actuar sea a\u00fan una gran desconocida \u00bfVerdad?<\/p>\n<p>Gracias a grandes autores como Howard Gardner o Daniel Goleman, la Inteligencia Emocional hoy en d\u00eda est\u00e1 en auge, poseerla, no es sin\u00f3nimo de ser capaz de afrontar cualquier situaci\u00f3n sin que esta nos afecte, ni estar siempre positivo, no permitirnos sentir las emociones desagradables&#8230;<\/p>\n\t\t\t\t<img loading=\"lazy\" decoding=\"async\" src=\"https:\/\/aliendacoachsocial.com\/wp-content\/uploads\/2022\/01\/CONCIENCIA-EMOCIONAL-scaled.jpg\" alt=\"CONCIENCIA EMOCIONAL\" itemprop=\"image\" height=\"2560\" width=\"1707\" title=\"CONCIENCIA EMOCIONAL\" onerror=\"this.style.display='none'\"  \/>\n\t<p><strong>\u00bfQu\u00e9 es?<\/strong><\/p>\nEl servicio de consciencia emocional est\u00e1 dise\u00f1ado para desarrollar<br \/>\nprogramas y\/o itinerarios de manera personalizada, enfocados a trabajar la<br \/>\ngesti\u00f3n emocional.<br \/>\nEntendiendo la gesti\u00f3n emocional, como el desarrollo de procesos a nivel<br \/>\ncognitivo y conductual, con el que podemos aprender a tomar consciencia<br \/>\nde las emociones que sentimos. Trabajando, profundizando y poniendo en<br \/>\npr\u00e1ctica las diferentes t\u00e9cnicas, recursos y herramientas, existentes,<br \/>\nenfocadas a trabajar, las habilidades claves en el desarrollo de la inteligencia<br \/>\nemocional y las habilidades de afrontamiento, \u00fatiles, para ser aplicadas en el<br \/>\nd\u00eda a d\u00eda, siendo capaces de aportarnos, el desarrollo de una serie de<br \/>\nrecursos personales que nos faciliten el aprender a convivir y gestionar<br \/>\ncon las diferentes emociones que convivimos a diario, la mayor\u00eda, derivadas<br \/>\nde conflictos internos y el contacto con nuestro entorno.<br \/>\nAdem\u00e1s, disponer recursos relacionados con la gesti\u00f3n emocional, favorecen<br \/>\na que se instauren, ciertos h\u00e1bitos con un impacto positivo en tu vida, que<br \/>\nayudan afrontar esta, de una forma diferente y de esta manera, conseguir<br \/>\naumentar tu conciencia, autocontrol y bienestar emocional.<br \/>\nLa gesti\u00f3n emocional no sustituye a la terapia necesaria cuando existen<br \/>\npatolog\u00edas a nivel de salud mental, de las cuales son los compa\u00f1eros<br \/>\npsic\u00f3logos qui\u00e9n las trabajan.<br \/>\nLos programas pueden ser dise\u00f1ados de manera individual como grupal.\n\t<p><strong>\u00bfQu\u00e9 me aporta la Gesti\u00f3n Emocional?<\/strong><\/p>\n<p>Identificar patrones conductuales dentro del plano emocional<\/p>\n<p>Impacto y fortalecimiento del \u00e1rea de la autoestima (Autoevaluaci\u00f3n, autoconcepto, autoconfianza&#8230;) profundizando y trabajando en los pilares de esta (Conciencia, responsabilidad, aceptaci\u00f3n &#8230;)<\/p>\n<p>Aprender a cuidarte y a gestionar situaciones que generan estr\u00e9s y\/o ansiedad<\/p>\n<p>Ayuda a desarrollar v\u00ednculos saludables y mejorar tus relaciones personales<\/p>\n<p>Desconectar y descargar bloqueos, distorsiones y desgastes emocionales<\/p>\n<p>&nbsp;<\/p>\n<p>&nbsp;<\/p>\n\t\t\t\t<img loading=\"lazy\" decoding=\"async\" src=\"https:\/\/aliendacoachsocial.com\/wp-content\/uploads\/2022\/01\/CONCIENCIA-EMOCIONAL-2.jpg\" alt=\"CONCIENCIA EMOCIONAL (2)\" itemprop=\"image\" height=\"1080\" width=\"1080\" title=\"CONCIENCIA EMOCIONAL (2)\" onerror=\"this.style.display='none'\"  \/>\n\t<p><strong>Desde Alienda:<\/strong><\/p>\n<p>El servicio de gesti\u00f3n emocional est\u00e1 dise\u00f1ado para acompa\u00f1ar y de una manera personalizada, darte a conocer y dotarte de herramientas y t\u00e9cnicas, que puedas aplicar en tu d\u00eda a d\u00eda, creando as\u00ed una serie de h\u00e1bitos con un impacto positivo en tu vida, que te ayuden afrontar esta de una manera diferente y de esta manera consigas aumentar tu conciencia, control y bienestar emocional.<\/p>\n\t\t\t\t\t\t\t\t\t\t\t\t\t\t\t<h4>\u00bfC\u00f3mo trabajamos?<\/h4>\n\t\t\t<!-- END .front -->\n\t\t\t\t\t\t\t\t\t\t<h4>\u00bfC\u00f3mo trabajamos?<\/h4>\n\t\t\t\t\t\t<p>OnlineValoraci\u00f3n inicial &#8211; Sesi\u00f3n informativa gratuita Reserva aqu\u00edSesiones individuales de 60 minutosDise\u00f1o personalizado del procesoSi quieres informaci\u00f3n detallada sobre el proceso o presupuesto, <a href=\"https:\/\/aliendacoachsocial.com\/index.php\/contact\/\" target=\"_blank\" rel=\"noopener\">contacta<\/a> sin compromiso.<\/p>\t\t\t\t\t\n\t\t\t<!-- END .back -->\n\t\t <!-- ifb-flip-box -->\n\t <!-- flip-box -->\n\n","protected":false},"excerpt":{"rendered":"<p>Conciencia emocional La parte emocional del ser humano siempre estuvo supeditada a la de la raz\u00f3n, poco a poco, esta idea va cambiando y.. \u00a1menos mal! No s\u00e9 si alguna vez te has planteado que vivimos influenciados por el inconsciente la mayor parte del d\u00eda, muchos se atreven a decir que el 95% de las [&hellip;]<\/p>\n","protected":false},"author":1,"featured_media":0,"parent":0,"menu_order":0,"comment_status":"closed","ping_status":"closed","template":"","meta":{"_monsterinsights_skip_tracking":false,"_monsterinsights_sitenote_active":false,"_monsterinsights_sitenote_note":"","_monsterinsights_sitenote_category":0,"site-sidebar-layout":"default","site-content-layout":"default","ast-site-content-layout":"default","site-content-style":"default","site-sidebar-style":"default","ast-global-header-display":"","ast-banner-title-visibility":"","ast-main-header-display":"","ast-hfb-above-header-display":"","ast-hfb-below-header-display":"","ast-hfb-mobile-header-display":"","site-post-title":"","ast-breadcrumbs-content":"","ast-featured-img":"","footer-sml-layout":"","theme-transparent-header-meta":"default","adv-header-id-meta":"","stick-header-meta":"","header-above-stick-meta":"","header-main-stick-meta":"","header-below-stick-meta":"","astra-migrate-meta-layouts":"default","ast-page-background-enabled":"default","ast-page-background-meta":{"desktop":{"background-color":"","background-image":"","background-repeat":"repeat","background-position":"center center","background-size":"auto","background-attachment":"scroll","background-type":"","background-media":"","overlay-type":"","overlay-color":"","overlay-opacity":"","overlay-gradient":""},"tablet":{"background-color":"","background-image":"","background-repeat":"repeat","background-position":"center center","background-size":"auto","background-attachment":"scroll","background-type":"","background-media":"","overlay-type":"","overlay-color":"","overlay-opacity":"","overlay-gradient":""},"mobile":{"background-color":"","background-image":"","background-repeat":"repeat","background-position":"center center","background-size":"auto","background-attachment":"scroll","background-type":"","background-media":"","overlay-type":"","overlay-color":"","overlay-opacity":"","overlay-gradient":""}},"ast-content-background-meta":{"desktop":{"background-color":"var(--ast-global-color-5)","background-image":"","background-repeat":"repeat","background-position":"center center","background-size":"auto","background-attachment":"scroll","background-type":"","background-media":"","overlay-type":"","overlay-color":"","overlay-opacity":"","overlay-gradient":""},"tablet":{"background-color":"var(--ast-global-color-5)","background-image":"","background-repeat":"repeat","background-position":"center center","background-size":"auto","background-attachment":"scroll","background-type":"","background-media":"","overlay-type":"","overlay-color":"","overlay-opacity":"","overlay-gradient":""},"mobile":{"background-color":"var(--ast-global-color-5)","background-image":"","background-repeat":"repeat","background-position":"center center","background-size":"auto","background-attachment":"scroll","background-type":"","background-media":"","overlay-type":"","overlay-color":"","overlay-opacity":"","overlay-gradient":""}},"footnotes":""},"class_list":["post-1156","page","type-page","status-publish","hentry"],"aioseo_notices":[],"_links":{"self":[{"href":"https:\/\/aliendacoachsocial.com\/index.php\/wp-json\/wp\/v2\/pages\/1156","targetHints":{"allow":["GET"]}}],"collection":[{"href":"https:\/\/aliendacoachsocial.com\/index.php\/wp-json\/wp\/v2\/pages"}],"about":[{"href":"https:\/\/aliendacoachsocial.com\/index.php\/wp-json\/wp\/v2\/types\/page"}],"author":[{"embeddable":true,"href":"https:\/\/aliendacoachsocial.com\/index.php\/wp-json\/wp\/v2\/users\/1"}],"replies":[{"embeddable":true,"href":"https:\/\/aliendacoachsocial.com\/index.php\/wp-json\/wp\/v2\/comments?post=1156"}],"version-history":[{"count":28,"href":"https:\/\/aliendacoachsocial.com\/index.php\/wp-json\/wp\/v2\/pages\/1156\/revisions"}],"predecessor-version":[{"id":1737,"href":"https:\/\/aliendacoachsocial.com\/index.php\/wp-json\/wp\/v2\/pages\/1156\/revisions\/1737"}],"wp:attachment":[{"href":"https:\/\/aliendacoachsocial.com\/index.php\/wp-json\/wp\/v2\/media?parent=1156"}],"curies":[{"name":"wp","href":"https:\/\/api.w.org\/{rel}","templated":true}]}}