{"id":1140,"date":"2021-10-05T19:56:27","date_gmt":"2021-10-05T17:56:27","guid":{"rendered":"https:\/\/aliendacoachsocial.com\/?page_id=1140"},"modified":"2023-02-09T18:55:23","modified_gmt":"2023-02-09T16:55:23","slug":"mediacion","status":"publish","type":"page","link":"https:\/\/aliendacoachsocial.com\/index.php\/mediacion\/","title":{"rendered":"Mediaci\u00f3n"},"content":{"rendered":"\n\n\t<h1>\n\t\t\t\t\tMediaci\u00f3n\n\t\t\t\t<\/h1>\n<h2>\n\t\t\u00abTodo lo que pueda tener una posible soluci\u00f3n, no es realmente un problema\u00bb\n\t<\/h2>\n\t<p><strong>\u00bfQu\u00e9 es la mediaci\u00f3n?<\/strong><\/p>\n<p>La mediaci\u00f3n es un Sistema Alternativo de Resoluci\u00f3n de Conflictos ya sea en el \u00e1rea conyugal, familiar, laboral o comunitario, entre otros. Consiste en la consecuci\u00f3n de acuerdos entre las partes cuando estos no puedan alcanzarlos por si solas.<\/p>\n\t\t\t\t<img loading=\"lazy\" decoding=\"async\" src=\"https:\/\/aliendacoachsocial.com\/wp-content\/uploads\/2023\/01\/MEDIACION-2-e1664547563181-1024x639-1-600x374.jpg\" alt=\"MEDIACION\" itemprop=\"image\" height=\"374\" width=\"600\" title=\"MEDIACION\" onerror=\"this.style.display='none'\"  \/>\n\t<p><em>El principal problema a la hora de solucionar alg\u00fan conflicto es el enfoque que le damos al proceso. Desde mediaci\u00f3n, trabajaremos \u00abcon el otro y no contra el otro\u00bb, con el objetivo de poder negociar y colaborar de un modo no violento en un espacio de respeto mutuo, explorando diferentes alternativas y logrando llegar a acuerdos que satisfagan en mayor medida a todos.<\/em><\/p>\n\t<p><em>Al igual que las culturas y sociedades se van transformando, la manera de afrontar los problemas de convivencia tambi\u00e9n deber\u00eda de ser as\u00ed. Dichos problemas se hacen notar casi a diario y nuestra capacidad de hacerles frente, en ocasiones se ve reducida o bloqueada, lo que provoca dejar en manos de otros nuestros problemas. Lo que hace que sentimientos como la resignaci\u00f3n aparezcan, siendo estos los que se conviertan en los protagonistas, sin reflexionar que, <\/em><em>en ocasiones, esa manera de afrontar problemas suponga mayores costes. La mediaci\u00f3n, por el contrario, nos hace ser los protagonistas a la hora de resolver nuestros conflictos, simplifica y nos ayuda a ahorrar costes adem\u00e1s de empoderarnos.<\/em><\/p>\n\t<p>Es un proceso dirigido especialmente a aquellos conflictos, que aparentan ser complejos a la hora de resolverse y que nos suponen alg\u00fan bloqueo en nuestra vida.<\/p>\n<ul>\n<li><strong>Alternativo, <\/strong>ya que se trata de un m\u00e9todo que se sale de los procesos judiciales convencionales, la mediaci\u00f3n puede darse de manera intrajudicial, pero tambi\u00e9n extrajudicial.<\/li>\n<li><strong>Regulado, <\/strong>el acuerdo que resulte, tendr\u00e1 car\u00e1cter vinculante, tras su elevaci\u00f3n a escritura p\u00fablica (opcional), dot\u00e1ndolo de t\u00edtulo ejecutivo (ratificaci\u00f3n notarial) o judicial. Adem\u00e1s, el servicio de Mediaci\u00f3n est\u00e1 regulado y respaldado por <em>Ley 5\/2012, de 6 de julio, de mediaci\u00f3n en asuntos civiles y mercantiles<\/em>, adem\u00e1s de la existencia de normativa espec\u00edfica de cada CC.AA., ejemplo de ello <em>Ley 1\/2006, de 6 de abril, de mediaci\u00f3n familiar de Castilla y Le\u00f3n.<\/em><\/li>\n<li><strong>Flexible y Voluntario, <\/strong>las partes enfrentadas acuden voluntariamente a una tercera persona neutral, el mediador, para llegar a un acuerdo.<\/li>\n<li><strong>Confidencial, <\/strong>mediante contrato.<\/li>\n<li><strong>R\u00e1pido y de menor coste econ\u00f3mico, temporal y emocional <\/strong>frente a los de un proceso judicial completo.<\/li>\n<\/ul>\n<p>Estamos especializados en:<\/p>\n\t\t\t\t\t\t\t\t\t\t\t\t<h2> Mediaci\u00f3n Familiar<\/h2>\n\t\t\t<!-- END .front -->\n\t\t\t\t\t\t\t\t\t\t<h2>Mediaci\u00f3n Familiar<\/h2>\n\t\t\t\t\t\t<p>\u00bfTienes un conflicto familiar o de pareja? \u00bfNo os pon\u00e9is de acuerdo a la hora de tomar alg\u00fan tipo de decisi\u00f3n? \u00bfEst\u00e1s en medio de un proceso de separaci\u00f3n?\u00bfTienes alg\u00fan conflicto a ra\u00edz de una herencia? \u00bfNo os pon\u00e9is de acuerdo a la hora de decidir qu\u00e9 sistema de protecci\u00f3n (tutela, guarda, curatela, etc.) es mejor para vuestro familiar?\u00bfLa aparici\u00f3n de alg\u00fan problema relacionado con la salud, discapacidad o dependencia de alguno de tus familiares, est\u00e1 deteriorando la relaci\u00f3n con estos o interfiriendo en la toma de decisiones de alguna medida de atenci\u00f3n para este?<\/p>\t\t\t\t\t\n\t\t\t<!-- END .back -->\n\t\t <!-- ifb-flip-box -->\n\t <!-- flip-box -->\n\t\t\t\t\t\t\t\t\t\t\t\t<h2>Mediaci\u00f3n Comunitaria<\/h2>\n\t\t\t<!-- END .front -->\n\t\t\t\t\t\t\t\t\t\t<h2>Mediaci\u00f3n Comunitaria<\/h2>\n\t\t\t\t\t\t<p>\u00bfProblemas en tu comunidad de vecinos? \u00bfCon alg\u00fan vecino en concreto?\u00bfRuidos o incidencias en espacios comunes? \u00bfDesacuerdos entre movimientos asociativos?Tambi\u00e9n valoramos casos de Mediaci\u00f3n Sanitaria, Cultural y Escolar.<\/p>\t\t\t\t\t\n\t\t\t<!-- END .back -->\n\t\t <!-- ifb-flip-box -->\n\t <!-- flip-box -->\n\t<p><strong>Desde Alienda tenemos como objetivo:<\/strong><\/p>\n<p>Evitar abordar los conflictos de manera destructiva y del mismo modo el da\u00f1o que pueda ocasionar a las partes, favoreciendo desde un entorno neutral, el di\u00e1logo desde una comunicaci\u00f3n no violenta, intentando que la empat\u00eda sea uno de los protagonistas y eliminar posibles distorsiones del conflicto, a su vez, ampliar la perspectiva de las partes ante el conflicto, algo fundamental para llegar acuerdos efectivos para las partes.<\/p>\n\t\t\t\t<img loading=\"lazy\" decoding=\"async\" src=\"https:\/\/aliendacoachsocial.com\/wp-content\/uploads\/2022\/01\/MEDIACION-2-1.jpg\" alt=\"MEDIACION (2)\" itemprop=\"image\" height=\"1285\" width=\"1920\" title=\"MEDIACION (2)\" onerror=\"this.style.display='none'\"  \/>\n\t<p>Inscritos en el <strong>Registro de Mediadores civiles y Mercantiles del Ministerio de Justicia y en el Registro de Mediadores Familiares de la Junta de Castilla y Le\u00f3n.<\/strong><\/p>\n\t<p><strong>Curiosidades Proceso de Mediaci\u00f3n<\/strong><\/p>\n<p>Los acuerdos de mediaci\u00f3n tienen un mayor \u00edndice de cumplimiento respecto a las sentencias, el motivo, que dicho acuerdo es tomado por los interesados y no impuesto por un tercero.<\/p>\n<p>Las costas de procesos judiciales en primera estancia, pueden multiplicar de manera notoria el coste de un proceso de mediaci\u00f3n.<\/p>\n\t\t\t\t\t\t\t\t\t\t\t\t\t\t\t<h4>\u00bfC\u00f3mo trabajamos?<\/h4>\n\t\t\t<!-- END .front -->\n\t\t\t\t\t\t\t\t\t\t<h4>\u00bfC\u00f3mo trabajamos?<\/h4>\n\t\t\t\t\t\t<p>Online o PresencialValoraci\u00f3n inicial &#8211; Sesi\u00f3n informativa gratuitaPrimera sesi\u00f3n individual con cada una de las partes y sesiones conjuntas entre las partesMediante contrato-acuerdo fijadas el n\u00famero m\u00ednimo y m\u00e1ximo de sesiones del proceso de mediaci\u00f3n. Al igual la confidencialidad de dicho procesoSi quieres informaci\u00f3n detallada sobre el proceso o presupuesto, <a href=\"https:\/\/aliendacoachsocial.com\/index.php\/contact\/\"><u>contacta<\/u><\/a> sin compromiso<\/p>\t\t\t\t\t\n\t\t\t<!-- END .back -->\n\t\t <!-- ifb-flip-box -->\n\t <!-- flip-box -->\n\n","protected":false},"excerpt":{"rendered":"<p>Mediaci\u00f3n \u00abTodo lo que pueda tener una posible soluci\u00f3n, no es realmente un problema\u00bb \u00bfQu\u00e9 es la mediaci\u00f3n? La mediaci\u00f3n es un Sistema Alternativo de Resoluci\u00f3n de Conflictos ya sea en el \u00e1rea conyugal, familiar, laboral o comunitario, entre otros. Consiste en la consecuci\u00f3n de acuerdos entre las partes cuando estos no puedan alcanzarlos por [&hellip;]<\/p>\n","protected":false},"author":1,"featured_media":0,"parent":0,"menu_order":0,"comment_status":"closed","ping_status":"closed","template":"","meta":{"_monsterinsights_skip_tracking":false,"_monsterinsights_sitenote_active":false,"_monsterinsights_sitenote_note":"","_monsterinsights_sitenote_category":0,"site-sidebar-layout":"default","site-content-layout":"default","ast-site-content-layout":"default","site-content-style":"default","site-sidebar-style":"default","ast-global-header-display":"","ast-banner-title-visibility":"","ast-main-header-display":"","ast-hfb-above-header-display":"","ast-hfb-below-header-display":"","ast-hfb-mobile-header-display":"","site-post-title":"","ast-breadcrumbs-content":"","ast-featured-img":"","footer-sml-layout":"","theme-transparent-header-meta":"default","adv-header-id-meta":"","stick-header-meta":"","header-above-stick-meta":"","header-main-stick-meta":"","header-below-stick-meta":"","astra-migrate-meta-layouts":"default","ast-page-background-enabled":"default","ast-page-background-meta":{"desktop":{"background-color":"","background-image":"","background-repeat":"repeat","background-position":"center center","background-size":"auto","background-attachment":"scroll","background-type":"","background-media":"","overlay-type":"","overlay-color":"","overlay-opacity":"","overlay-gradient":""},"tablet":{"background-color":"","background-image":"","background-repeat":"repeat","background-position":"center center","background-size":"auto","background-attachment":"scroll","background-type":"","background-media":"","overlay-type":"","overlay-color":"","overlay-opacity":"","overlay-gradient":""},"mobile":{"background-color":"","background-image":"","background-repeat":"repeat","background-position":"center center","background-size":"auto","background-attachment":"scroll","background-type":"","background-media":"","overlay-type":"","overlay-color":"","overlay-opacity":"","overlay-gradient":""}},"ast-content-background-meta":{"desktop":{"background-color":"var(--ast-global-color-5)","background-image":"","background-repeat":"repeat","background-position":"center center","background-size":"auto","background-attachment":"scroll","background-type":"","background-media":"","overlay-type":"","overlay-color":"","overlay-opacity":"","overlay-gradient":""},"tablet":{"background-color":"var(--ast-global-color-5)","background-image":"","background-repeat":"repeat","background-position":"center center","background-size":"auto","background-attachment":"scroll","background-type":"","background-media":"","overlay-type":"","overlay-color":"","overlay-opacity":"","overlay-gradient":""},"mobile":{"background-color":"var(--ast-global-color-5)","background-image":"","background-repeat":"repeat","background-position":"center center","background-size":"auto","background-attachment":"scroll","background-type":"","background-media":"","overlay-type":"","overlay-color":"","overlay-opacity":"","overlay-gradient":""}},"footnotes":""},"class_list":["post-1140","page","type-page","status-publish","hentry"],"aioseo_notices":[],"_links":{"self":[{"href":"https:\/\/aliendacoachsocial.com\/index.php\/wp-json\/wp\/v2\/pages\/1140","targetHints":{"allow":["GET"]}}],"collection":[{"href":"https:\/\/aliendacoachsocial.com\/index.php\/wp-json\/wp\/v2\/pages"}],"about":[{"href":"https:\/\/aliendacoachsocial.com\/index.php\/wp-json\/wp\/v2\/types\/page"}],"author":[{"embeddable":true,"href":"https:\/\/aliendacoachsocial.com\/index.php\/wp-json\/wp\/v2\/users\/1"}],"replies":[{"embeddable":true,"href":"https:\/\/aliendacoachsocial.com\/index.php\/wp-json\/wp\/v2\/comments?post=1140"}],"version-history":[{"count":48,"href":"https:\/\/aliendacoachsocial.com\/index.php\/wp-json\/wp\/v2\/pages\/1140\/revisions"}],"predecessor-version":[{"id":1728,"href":"https:\/\/aliendacoachsocial.com\/index.php\/wp-json\/wp\/v2\/pages\/1140\/revisions\/1728"}],"wp:attachment":[{"href":"https:\/\/aliendacoachsocial.com\/index.php\/wp-json\/wp\/v2\/media?parent=1140"}],"curies":[{"name":"wp","href":"https:\/\/api.w.org\/{rel}","templated":true}]}}